{"id":1054,"date":"2025-12-18T07:33:28","date_gmt":"2025-12-18T07:33:28","guid":{"rendered":"https:\/\/sandybrown-snail-216818.hostingersite.com\/?page_id=1054"},"modified":"2026-02-25T13:25:11","modified_gmt":"2026-02-25T13:25:11","slug":"contacto","status":"publish","type":"page","link":"https:\/\/www.aiasports.io\/es\/contact-us\/","title":{"rendered":"Contacte con nosotros"},"content":{"rendered":"\t\t<div data-elementor-type=\"wp-page\" data-elementor-id=\"1054\" class=\"elementor elementor-1054\">\n\t\t\t\t<div class=\"elementor-element elementor-element-f83a43d e-flex e-con-boxed e-con e-parent\" data-id=\"f83a43d\" data-element_type=\"container\" data-e-type=\"container\">\n\t\t\t\t\t<div class=\"e-con-inner\">\n\t\t<div class=\"elementor-element elementor-element-320a9fd e-con-full e-flex e-con e-child\" data-id=\"320a9fd\" data-element_type=\"container\" data-e-type=\"container\" data-settings=\"{&quot;background_background&quot;:&quot;classic&quot;}\">\n\t\t<div class=\"elementor-element elementor-element-f64a7b1 e-con-full e-flex e-con e-child\" data-id=\"f64a7b1\" data-element_type=\"container\" data-e-type=\"container\">\n\t\t\t\t<div class=\"elementor-element elementor-element-7ab3159 elementor-widget elementor-widget-heading\" data-id=\"7ab3159\" data-element_type=\"widget\" data-e-type=\"widget\" data-widget_type=\"heading.default\">\n\t\t\t\t\t<h2 class=\"elementor-heading-title elementor-size-default\">Let\u2019s connect <\/h2>\t\t\t\t<\/div>\n\t\t\t\t<div class=\"elementor-element elementor-element-0f78b01 elementor-widget elementor-widget-text-editor\" data-id=\"0f78b01\" data-element_type=\"widget\" data-e-type=\"widget\" data-widget_type=\"text-editor.default\">\n\t\t\t\t\t\t\t\t\t<p>Let us know how we can help. <br \/>Someone from our team will respond within the next 24<br \/>hours.<\/p>\t\t\t\t\t\t\t\t<\/div>\n\t\t\t\t<div class=\"elementor-element elementor-element-790c5ad contact_form elementor-widget elementor-widget-wpforms\" data-id=\"790c5ad\" data-element_type=\"widget\" data-e-type=\"widget\" data-widget_type=\"wpforms.default\">\n\t\t\t\t<div class=\"elementor-widget-container\">\n\t\t\t\t\t<style id=\"wpforms-css-vars-elementor-widget-790c5ad\">\n\t\t\t\t.elementor-widget-wpforms.elementor-element-790c5ad {\n\t\t\t\t--wpforms-field-border-radius: 5px;\n--wpforms-field-background-color: #FFFFFF33;\n--wpforms-field-border-color: #FFFFFF61;\n--wpforms-field-border-color-spare: #FFFFFF61;\n--wpforms-field-text-color: #FFFFFF;\n--wpforms-button-border-radius: 30px;\n--wpforms-label-size-font-size: 14px;\n--wpforms-label-size-line-height: 17px;\n--wpforms-label-size-sublabel-font-size: 13px;\n--wpforms-label-size-sublabel-line-height: 16px;\n\t\t\t}\n\t\t\t<\/style><div class=\"wpforms-container wpforms-container-full wpforms-render-modern\" id=\"wpforms-1061\"><form id=\"wpforms-form-1061\" class=\"wpforms-validate wpforms-form wpforms-ajax-form\" data-formid=\"1061\" method=\"post\" enctype=\"multipart\/form-data\" action=\"\/es\/wp-json\/wp\/v2\/pages\/1054\" data-token=\"1af6adba9114ba4bcd632f456a0166bb\" data-token-time=\"1778346019\"><noscript class=\"wpforms-error-noscript\">Por favor, activa JavaScript en tu navegador para completar este formulario.<\/noscript><div id=\"wpforms-error-noscript\" style=\"display: none;\">Por favor, activa JavaScript en tu navegador para completar este formulario.<\/div><div class=\"wpforms-field-container\"><div id=\"wpforms-1061-field_1-container\" class=\"wpforms-field wpforms-field-text wpforms-one-half wpforms-first\" data-field-id=\"1\"><label class=\"wpforms-field-label wpforms-label-hide\" for=\"wpforms-1061-field_1\" aria-hidden=\"false\">Single Line Text<\/label><input type=\"text\" id=\"wpforms-1061-field_1\" class=\"wpforms-field-large\" name=\"wpforms[fields][1]\" placeholder=\"First Name\" aria-errormessage=\"wpforms-1061-field_1-error\" ><\/div><div id=\"wpforms-1061-field_2-container\" class=\"wpforms-field wpforms-field-text wpforms-one-half\" data-field-id=\"2\"><label class=\"wpforms-field-label wpforms-label-hide\" for=\"wpforms-1061-field_2\" aria-hidden=\"false\">Single Line Text<\/label><input type=\"text\" id=\"wpforms-1061-field_2\" class=\"wpforms-field-large\" name=\"wpforms[fields][2]\" placeholder=\"Last Name\" aria-errormessage=\"wpforms-1061-field_2-error\" ><\/div><div id=\"wpforms-1061-field_3-container\" class=\"wpforms-field wpforms-field-email\" data-field-id=\"3\"><label class=\"wpforms-field-label wpforms-label-hide\" for=\"wpforms-1061-field_3\" aria-hidden=\"false\">Email <span class=\"wpforms-required-label\" aria-hidden=\"true\">*<\/span><\/label><input type=\"email\" id=\"wpforms-1061-field_3\" class=\"wpforms-field-large wpforms-field-required\" name=\"wpforms[fields][3]\" placeholder=\"Email\" spellcheck=\"false\" aria-errormessage=\"wpforms-1061-field_3-error\" required><\/div><div id=\"wpforms-1061-field_4-container\" class=\"wpforms-field wpforms-field-text\" data-field-id=\"4\"><label class=\"wpforms-field-label wpforms-label-hide\" for=\"wpforms-1061-field_4\" aria-hidden=\"false\">Phone Number <span class=\"wpforms-required-label\" aria-hidden=\"true\">*<\/span><\/label><input type=\"text\" id=\"wpforms-1061-field_4\" class=\"wpforms-field-large wpforms-field-required\" name=\"wpforms[fields][4]\" placeholder=\"Phone Number\" aria-errormessage=\"wpforms-1061-field_4-error\" required><\/div>\t\t<div id=\"wpforms-1061-field_6-container\"\n\t\t\tclass=\"wpforms-field wpforms-field-text\"\n\t\t\tdata-field-type=\"text\"\n\t\t\tdata-field-id=\"6\"\n\t\t\t>\n\t\t\t<label class=\"wpforms-field-label\" for=\"wpforms-1061-field_6\" >Single Line Email<\/label>\n\t\t\t<input type=\"text\" id=\"wpforms-1061-field_6\" class=\"wpforms-field-medium\" name=\"wpforms[fields][6]\" >\n\t\t<\/div>\n\t\t<div id=\"wpforms-1061-field_5-container\" class=\"wpforms-field wpforms-field-textarea\" data-field-id=\"5\"><label class=\"wpforms-field-label wpforms-label-hide\" for=\"wpforms-1061-field_5\" aria-hidden=\"false\">Message<\/label><textarea id=\"wpforms-1061-field_5\" class=\"wpforms-field-small\" name=\"wpforms[fields][5]\" placeholder=\"Message\" aria-errormessage=\"wpforms-1061-field_5-error\" ><\/textarea><\/div><script>\n\t\t\t\t( function() {\n\t\t\t\t\tconst style = document.createElement( 'style' );\n\t\t\t\t\tstyle.appendChild( document.createTextNode( '#wpforms-1061-field_6-container { position: absolute !important; overflow: hidden !important; display: inline !important; height: 1px !important; width: 1px !important; z-index: -1000 !important; padding: 0 !important; } #wpforms-1061-field_6-container input { visibility: hidden; } #wpforms-conversational-form-page #wpforms-1061-field_6-container label { counter-increment: none; }' ) );\n\t\t\t\t\tdocument.head.appendChild( style );\n\t\t\t\t\tdocument.currentScript?.remove();\n\t\t\t\t} )();\n\t\t\t<\/script><\/div><!-- .wpforms-field-container --><div class=\"wpforms-submit-container\" ><input type=\"hidden\" name=\"wpforms[id]\" value=\"1061\"><input type=\"hidden\" name=\"page_title\" value=\"\"><input type=\"hidden\" name=\"page_url\" value=\"https:\/\/www.aiasports.io\/es\/wp-json\/wp\/v2\/pages\/1054\"><input type=\"hidden\" name=\"url_referer\" value=\"\"><button type=\"submit\" name=\"wpforms[submit]\" id=\"wpforms-submit-1061\" class=\"wpforms-submit\" data-alt-text=\"Sending...\" data-submit-text=\"Send message\" aria-live=\"assertive\" value=\"wpforms-submit\">Send message<\/button><img decoding=\"async\" src=\"\/wp-content\/plugins\/wpforms-lite\/assets\/images\/submit-spin.svg\" class=\"wpforms-submit-spinner\" style=\"display: none;\" width=\"26\" height=\"26\" alt=\"Cargando\"><\/div><\/form><\/div>  <!-- .wpforms-container -->\t\t\t\t<\/div>\n\t\t\t\t<\/div>\n\t\t\t\t<\/div>\n\t\t<div class=\"elementor-element elementor-element-5c39c5d e-con-full e-flex e-con e-child\" data-id=\"5c39c5d\" data-element_type=\"container\" data-e-type=\"container\">\n\t\t\t\t<div class=\"elementor-element elementor-element-8038a29 elementor-widget elementor-widget-image\" data-id=\"8038a29\" data-element_type=\"widget\" data-e-type=\"widget\" data-widget_type=\"image.default\">\n\t\t\t\t\t\t\t\t\t\t\t\t\t\t\t<img fetchpriority=\"high\" decoding=\"async\" width=\"516\" height=\"536\" src=\"\/wp-content\/uploads\/2025\/12\/Image-box.png\" class=\"attachment-large size-large wp-image-1068\" alt=\"\" srcset=\"\/wp-content\/uploads\/2025\/12\/Image-box.png 516w, \/wp-content\/uploads\/2025\/12\/Image-box-289x300.png 289w, \/wp-content\/uploads\/2025\/12\/Image-box-433x450.png 433w\" sizes=\"(max-width: 516px) 100vw, 516px\" \/>\t\t\t\t\t\t\t\t\t\t\t\t\t\t\t<\/div>\n\t\t\t\t<\/div>\n\t\t\t\t<\/div>\n\t\t\t\t\t<\/div>\n\t\t\t\t<\/div>\n\t\t\t\t<\/div>\n\t\t","protected":false},"excerpt":{"rendered":"<p>Conectemos H\u00e1ganos saber c\u00f3mo podemos ayudarle. Alguien de nuestro equipo le responder\u00e1 en las pr\u00f3ximas 24 horas. Por favor, active JavaScript en su navegador para completar este formulario.Por favor, active JavaScript en su navegador para completar este formulario.Texto de una l\u00edneaTexto de una l\u00edneaCorreo electr\u00f3nico *N\u00famero de tel\u00e9fono *Mensaje Enviar mensaje<\/p>","protected":false},"author":1,"featured_media":0,"parent":0,"menu_order":0,"comment_status":"closed","ping_status":"closed","template":"","meta":{"footnotes":""},"class_list":["post-1054","page","type-page","status-publish","hentry"],"yoast_head":"<!-- This site is optimized with the Yoast SEO plugin v27.5 - https:\/\/yoast.com\/product\/yoast-seo-wordpress\/ -->\n<title>Contact Us - AIA Sports<\/title>\n<meta name=\"robots\" content=\"index, follow, max-snippet:-1, max-image-preview:large, max-video-preview:-1\" \/>\n<link rel=\"canonical\" href=\"https:\/\/www.aiasports.io\/es\/contacto\/\" \/>\n<meta property=\"og:locale\" content=\"es_ES\" \/>\n<meta property=\"og:type\" content=\"article\" \/>\n<meta property=\"og:title\" content=\"Contact Us - AIA Sports\" \/>\n<meta property=\"og:description\" content=\"Let\u2019s connect Let us know how we can help. Someone from our team will respond within the next 24hours. Please enable JavaScript in your browser to complete this form.Please enable JavaScript in your browser to complete this form.Single Line TextSingle Line TextEmail *Phone Number *Message Send message\" \/>\n<meta property=\"og:url\" content=\"https:\/\/www.aiasports.io\/es\/contacto\/\" \/>\n<meta property=\"og:site_name\" content=\"AIA Sports\" \/>\n<meta property=\"article:modified_time\" content=\"2026-02-25T13:25:11+00:00\" \/>\n<meta name=\"twitter:card\" content=\"summary_large_image\" \/>\n<meta name=\"twitter:label1\" content=\"Tiempo de lectura\" \/>\n\t<meta name=\"twitter:data1\" content=\"1 minuto\" \/>\n<script type=\"application\/ld+json\" class=\"yoast-schema-graph\">{\"@context\":\"https:\\\/\\\/schema.org\",\"@graph\":[{\"@type\":\"WebPage\",\"@id\":\"https:\\\/\\\/www.aiasports.io\\\/fr\\\/nous-contacter\\\/\",\"url\":\"https:\\\/\\\/www.aiasports.io\\\/fr\\\/nous-contacter\\\/\",\"name\":\"Contact Us - AIA Sports\",\"isPartOf\":{\"@id\":\"https:\\\/\\\/www.aiasports.io\\\/es\\\/#website\"},\"datePublished\":\"2025-12-18T07:33:28+00:00\",\"dateModified\":\"2026-02-25T13:25:11+00:00\",\"breadcrumb\":{\"@id\":\"https:\\\/\\\/www.aiasports.io\\\/fr\\\/nous-contacter\\\/#breadcrumb\"},\"inLanguage\":\"es\",\"potentialAction\":[{\"@type\":\"ReadAction\",\"target\":[\"https:\\\/\\\/www.aiasports.io\\\/fr\\\/nous-contacter\\\/\"]}]},{\"@type\":\"BreadcrumbList\",\"@id\":\"https:\\\/\\\/www.aiasports.io\\\/fr\\\/nous-contacter\\\/#breadcrumb\",\"itemListElement\":[{\"@type\":\"ListItem\",\"position\":1,\"name\":\"Home\",\"item\":\"https:\\\/\\\/www.aiasports.io\\\/es\\\/\"},{\"@type\":\"ListItem\",\"position\":2,\"name\":\"Contact Us\"}]},{\"@type\":\"WebSite\",\"@id\":\"https:\\\/\\\/www.aiasports.io\\\/es\\\/#website\",\"url\":\"https:\\\/\\\/www.aiasports.io\\\/es\\\/\",\"name\":\"AIA Sports\",\"description\":\"\",\"publisher\":{\"@id\":\"https:\\\/\\\/www.aiasports.io\\\/es\\\/#organization\"},\"potentialAction\":[{\"@type\":\"SearchAction\",\"target\":{\"@type\":\"EntryPoint\",\"urlTemplate\":\"https:\\\/\\\/www.aiasports.io\\\/es\\\/?s={search_term_string}\"},\"query-input\":{\"@type\":\"PropertyValueSpecification\",\"valueRequired\":true,\"valueName\":\"search_term_string\"}}],\"inLanguage\":\"es\"},{\"@type\":\"Organization\",\"@id\":\"https:\\\/\\\/www.aiasports.io\\\/es\\\/#organization\",\"name\":\"AIA Sports\",\"url\":\"https:\\\/\\\/www.aiasports.io\\\/es\\\/\",\"logo\":{\"@type\":\"ImageObject\",\"inLanguage\":\"es\",\"@id\":\"https:\\\/\\\/www.aiasports.io\\\/es\\\/#\\\/schema\\\/logo\\\/image\\\/\",\"url\":\"\\\/wp-content\\\/uploads\\\/2025\\\/12\\\/cropped-AIA-SPORTS-logotype-Coul-negatif-3-2.png\",\"contentUrl\":\"\\\/wp-content\\\/uploads\\\/2025\\\/12\\\/cropped-AIA-SPORTS-logotype-Coul-negatif-3-2.png\",\"width\":90,\"height\":67,\"caption\":\"AIA Sports\"},\"image\":{\"@id\":\"https:\\\/\\\/www.aiasports.io\\\/es\\\/#\\\/schema\\\/logo\\\/image\\\/\"},\"sameAs\":[\"https:\\\/\\\/www.linkedin.com\\\/company\\\/aia-sports\\\/\"]}]}<\/script>\n<!-- \/ Yoast SEO plugin. -->","yoast_head_json":{"title":"Cont\u00e1ctenos - AIA Sports","robots":{"index":"index","follow":"follow","max-snippet":"max-snippet:-1","max-image-preview":"max-image-preview:large","max-video-preview":"max-video-preview:-1"},"canonical":"https:\/\/www.aiasports.io\/es\/contacto\/","og_locale":"es_ES","og_type":"article","og_title":"Contact Us - AIA Sports","og_description":"Let\u2019s connect Let us know how we can help. Someone from our team will respond within the next 24hours. Please enable JavaScript in your browser to complete this form.Please enable JavaScript in your browser to complete this form.Single Line TextSingle Line TextEmail *Phone Number *Message Send message","og_url":"https:\/\/www.aiasports.io\/es\/contacto\/","og_site_name":"AIA Sports","article_modified_time":"2026-02-25T13:25:11+00:00","twitter_card":"summary_large_image","twitter_misc":{"Tiempo de lectura":"1 minuto"},"schema":{"@context":"https:\/\/schema.org","@graph":[{"@type":"WebPage","@id":"https:\/\/www.aiasports.io\/fr\/nous-contacter\/","url":"https:\/\/www.aiasports.io\/fr\/nous-contacter\/","name":"Cont\u00e1ctenos - AIA Sports","isPartOf":{"@id":"https:\/\/www.aiasports.io\/es\/#website"},"datePublished":"2025-12-18T07:33:28+00:00","dateModified":"2026-02-25T13:25:11+00:00","breadcrumb":{"@id":"https:\/\/www.aiasports.io\/fr\/nous-contacter\/#breadcrumb"},"inLanguage":"es","potentialAction":[{"@type":"ReadAction","target":["https:\/\/www.aiasports.io\/fr\/nous-contacter\/"]}]},{"@type":"BreadcrumbList","@id":"https:\/\/www.aiasports.io\/fr\/nous-contacter\/#breadcrumb","itemListElement":[{"@type":"ListItem","position":1,"name":"Home","item":"https:\/\/www.aiasports.io\/es\/"},{"@type":"ListItem","position":2,"name":"Contact Us"}]},{"@type":"WebSite","@id":"https:\/\/www.aiasports.io\/es\/#website","url":"https:\/\/www.aiasports.io\/es\/","name":"AIA Deportes","description":"","publisher":{"@id":"https:\/\/www.aiasports.io\/es\/#organization"},"potentialAction":[{"@type":"SearchAction","target":{"@type":"EntryPoint","urlTemplate":"https:\/\/www.aiasports.io\/es\/?s={search_term_string}"},"query-input":{"@type":"PropertyValueSpecification","valueRequired":true,"valueName":"search_term_string"}}],"inLanguage":"es"},{"@type":"Organization","@id":"https:\/\/www.aiasports.io\/es\/#organization","name":"AIA Deportes","url":"https:\/\/www.aiasports.io\/es\/","logo":{"@type":"ImageObject","inLanguage":"es","@id":"https:\/\/www.aiasports.io\/es\/#\/schema\/logo\/image\/","url":"\/wp-content\/uploads\/2025\/12\/cropped-AIA-SPORTS-logotype-Coul-negatif-3-2.png","contentUrl":"\/wp-content\/uploads\/2025\/12\/cropped-AIA-SPORTS-logotype-Coul-negatif-3-2.png","width":90,"height":67,"caption":"AIA Sports"},"image":{"@id":"https:\/\/www.aiasports.io\/es\/#\/schema\/logo\/image\/"},"sameAs":["https:\/\/www.linkedin.com\/company\/aia-sports\/"]}]}},"_links":{"self":[{"href":"https:\/\/www.aiasports.io\/es\/wp-json\/wp\/v2\/pages\/1054","targetHints":{"allow":["GET"]}}],"collection":[{"href":"https:\/\/www.aiasports.io\/es\/wp-json\/wp\/v2\/pages"}],"about":[{"href":"https:\/\/www.aiasports.io\/es\/wp-json\/wp\/v2\/types\/page"}],"author":[{"embeddable":true,"href":"https:\/\/www.aiasports.io\/es\/wp-json\/wp\/v2\/users\/1"}],"replies":[{"embeddable":true,"href":"https:\/\/www.aiasports.io\/es\/wp-json\/wp\/v2\/comments?post=1054"}],"version-history":[{"count":40,"href":"https:\/\/www.aiasports.io\/es\/wp-json\/wp\/v2\/pages\/1054\/revisions"}],"predecessor-version":[{"id":2537,"href":"https:\/\/www.aiasports.io\/es\/wp-json\/wp\/v2\/pages\/1054\/revisions\/2537"}],"wp:attachment":[{"href":"https:\/\/www.aiasports.io\/es\/wp-json\/wp\/v2\/media?parent=1054"}],"curies":[{"name":"wp","href":"https:\/\/api.w.org\/{rel}","templated":true}]}}